{"id":2,"date":"2020-03-09T14:40:10","date_gmt":"2020-03-09T14:40:10","guid":{"rendered":"https:\/\/divi-grundinstallation.webdesign-schwaben.de\/?page_id=2"},"modified":"2026-04-18T12:12:32","modified_gmt":"2026-04-18T12:12:32","slug":"sample-page-2-2","status":"publish","type":"page","link":"https:\/\/www.dominikusringeisen.de\/","title":{"rendered":"Start"},"content":{"rendered":"<p>[et_pb_section fb_built=&#8221;1&#8243; _builder_version=&#8221;4.19.4&#8243; _module_preset=&#8221;default&#8221; background_color=&#8221;rgba(255,255,255,0.49)&#8221; background_enable_image=&#8221;off&#8221; background_blend=&#8221;overlay&#8221; custom_padding=&#8221;||28px|||&#8221; global_colors_info=&#8221;{}&#8221;][et_pb_row disabled_on=&#8221;on|on|on&#8221; _builder_version=&#8221;4.27.6&#8243; _module_preset=&#8221;default&#8221; disabled=&#8221;on&#8221; global_colors_info=&#8221;{}&#8221;][et_pb_column type=&#8221;4_4&#8243; _builder_version=&#8221;4.27.5&#8243; _module_preset=&#8221;default&#8221; global_colors_info=&#8221;{}&#8221;][et_pb_text _builder_version=&#8221;4.27.5&#8243; _module_preset=&#8221;default&#8221; header_2_font_size=&#8221;24px&#8221; header_2_line_height=&#8221;1.3em&#8221; global_colors_info=&#8221;{}&#8221;]<\/p>\n<h2 style=\"text-align: center;\">In K\u00fcrze finden Sie hier weiter Produkte wie Noten und meine neue Vinyl-Platte.<\/h2>\n<h2 style=\"text-align: center;\">Schauen Sie bald wieder vorbei.<\/h2>\n<p>[\/et_pb_text][et_pb_divider _builder_version=&#8221;4.27.5&#8243; _module_preset=&#8221;default&#8221; global_colors_info=&#8221;{}&#8221;][\/et_pb_divider][\/et_pb_column][\/et_pb_row][et_pb_row column_structure=&#8221;1_3,1_3,1_3&#8243; _builder_version=&#8221;4.27.6&#8243; _module_preset=&#8221;default&#8221; global_colors_info=&#8221;{}&#8221;][et_pb_column type=&#8221;1_3&#8243; _builder_version=&#8221;4.27.6&#8243; _module_preset=&#8221;default&#8221; global_colors_info=&#8221;{}&#8221;][et_pb_blurb title=&#8221;Vinyl &#8211; Between Thoughts&#8221; url=&#8221;https:\/\/www.dominikusringeisen.de\/index.php\/produkt-kategorie\/vinyl-album\/?orderby=date&#8221; image=&#8221;https:\/\/www.dominikusringeisen.de\/wp-content\/uploads\/2026\/04\/Vinyl-Album-a.jpg&#8221; _builder_version=&#8221;4.27.6&#8243; _module_preset=&#8221;default&#8221; header_font_size=&#8221;30px&#8221; body_font_size=&#8221;22px&#8221; link_option_url=&#8221;https:\/\/www.dominikusringeisen.de\/index.php\/produkt-kategorie\/vinyl-album\/?orderby=date&#8221; hover_enabled=&#8221;0&#8243; global_colors_info=&#8221;{}&#8221; title_text=&#8221;Vinyl-Album-a&#8221; sticky_enabled=&#8221;0&#8243;]<\/p>\n<p>Here you can buy the Vinyl LP &#8220;Between Thoughts&#8221;<\/p>\n<p>[\/et_pb_blurb][\/et_pb_column][et_pb_column type=&#8221;1_3&#8243; _builder_version=&#8221;4.27.6&#8243; _module_preset=&#8221;default&#8221; global_colors_info=&#8221;{}&#8221;][et_pb_blurb title=&#8221;CD &#8211; Atypical Operating System&#8221; url=&#8221;https:\/\/www.dominikusringeisen.de\/index.php\/produkt-kategorie\/cd\/?orderby=date&#8221; image=&#8221;https:\/\/www.dominikusringeisen.de\/wp-content\/uploads\/2026\/04\/Atypical-CD-vorne-4b.jpg&#8221; _builder_version=&#8221;4.27.6&#8243; _module_preset=&#8221;default&#8221; header_font=&#8221;||||||||&#8221; header_font_size=&#8221;30px&#8221; body_font_size=&#8221;22px&#8221; link_option_url=&#8221;https:\/\/www.dominikusringeisen.de\/index.php\/produkt-kategorie\/cd\/?orderby=date&#8221; global_colors_info=&#8221;{}&#8221;]<\/p>\n<p>Here you can buy the CD &#8220;Atypical Operating System&#8221;<\/p>\n<p>[\/et_pb_blurb][\/et_pb_column][et_pb_column type=&#8221;1_3&#8243; _builder_version=&#8221;4.27.6&#8243; _module_preset=&#8221;default&#8221; global_colors_info=&#8221;{}&#8221;][et_pb_blurb title=&#8221;sheet music&#8221; url=&#8221;https:\/\/www.dominikusringeisen.de\/index.php\/produkt-kategorie\/sheet-music\/&#8221; image=&#8221;https:\/\/www.dominikusringeisen.de\/wp-content\/uploads\/2026\/04\/Vorschaubild-Partiturensammlung.jpg&#8221; _builder_version=&#8221;4.27.6&#8243; _module_preset=&#8221;default&#8221; header_font_size=&#8221;30px&#8221; body_font_size=&#8221;22px&#8221; link_option_url=&#8221;https:\/\/www.dominikusringeisen.de\/index.php\/produkt-kategorie\/sheet-music\/&#8221; global_colors_info=&#8221;{}&#8221;]<\/p>\n<p>Here you can buy different sheets of music as pdf.<\/p>\n<p>[\/et_pb_blurb][\/et_pb_column][\/et_pb_row][et_pb_row column_structure=&#8221;1_2,1_2&#8243; disabled_on=&#8221;on|on|on&#8221; _builder_version=&#8221;4.27.6&#8243; _module_preset=&#8221;default&#8221; animation_style=&#8221;slide&#8221; animation_direction=&#8221;left&#8221; animation_duration=&#8221;800ms&#8221; disabled=&#8221;on&#8221; global_colors_info=&#8221;{}&#8221;][et_pb_column type=&#8221;1_2&#8243; _builder_version=&#8221;4.19.3&#8243; _module_preset=&#8221;default&#8221; global_colors_info=&#8221;{}&#8221;][et_pb_text admin_label=&#8221;Subheading&#8221; _builder_version=&#8221;4.27.5&#8243; text_font=&#8221;||||||||&#8221; link_font=&#8221;||||||||&#8221; ul_font=&#8221;||||||||&#8221; header_font=&#8221;||||||||&#8221; header_text_color=&#8221;#015d72&#8243; header_font_size=&#8221;4vw&#8221; header_line_height=&#8221;1.3em&#8221; header_2_font=&#8221;||||||||&#8221; header_2_text_color=&#8221;#e09900&#8243; header_2_font_size=&#8221;30px&#8221; header_2_line_height=&#8221;1.3em&#8221; header_3_font=&#8221;||||||||&#8221; header_4_font=&#8221;||||||||&#8221; header_5_font=&#8221;Poppins|700||on|||||&#8221; header_5_text_color=&#8221;rgba(0,0,0,0.4)&#8221; header_5_letter_spacing=&#8221;15px&#8221; header_5_line_height=&#8221;1.8em&#8221; max_width_tablet=&#8221;68%&#8221; max_width_phone=&#8221;57%&#8221; max_width_last_edited=&#8221;off|desktop&#8221; custom_margin=&#8221;|||&#8221; header_font_size_tablet=&#8221;40px&#8221; header_font_size_phone=&#8221;&#8221; header_font_size_last_edited=&#8221;on|tablet&#8221; custom_css_free_form=&#8221;h1 { font-family: %22alumni-sans-pinstripe%22; }||||h2 { font-family: %22alumni-sans-pinstripe%22; }||||h3 { font-family: %22alumni-sans-pinstripe%22; }||||h4 { font-family: %22alumni-sans-pinstripe%22; }||||p { font-family: %22alumni-sans-pinstripe%22; }||h5 { font-family: %22alumni-sans-pinstripe%22; }&#8221; global_colors_info=&#8221;{}&#8221;]<\/p>\n<p>Dominikus Ringeisen<\/p>\n<h2>CD &#8220;Atypical Operating System&#8221;<\/h2>\n<p>[\/et_pb_text][et_pb_button button_url=&#8221;@ET-DC@eyJkeW5hbWljIjp0cnVlLCJjb250ZW50IjoicG9zdF9saW5rX3VybF9wcm9kdWN0Iiwic2V0dGluZ3MiOnsicG9zdF9pZCI6IjQzOCJ9fQ==@&#8221; button_text=&#8221;CD kaufen %22SUPPORT YOUR ARTIST%22&#8243; button_alignment=&#8221;left&#8221; admin_label=&#8221;Title &#038; Paragraph&#8221; _builder_version=&#8221;4.27.5&#8243; _dynamic_attributes=&#8221;button_url&#8221; custom_button=&#8221;on&#8221; button_text_size=&#8221;14px&#8221; button_text_color=&#8221;#595353&#8243; button_border_width=&#8221;3px&#8221; button_border_color=&#8221;#c4beb9&#8243; button_border_radius=&#8221;0px&#8221; button_letter_spacing=&#8221;4px&#8221; button_font=&#8221;Poppins|500||on|||||&#8221; custom_margin=&#8221;|||&#8221; custom_margin_tablet=&#8221;0px|||0px&#8221; custom_margin_phone=&#8221;|||0px&#8221; custom_margin_last_edited=&#8221;off|desktop&#8221; custom_padding=&#8221;18px||18px|&#8221; custom_css_free_form=&#8221;h1 { font-family: %22alumni-sans-pinstripe%22; }||||h2 { font-family: %22alumni-sans-pinstripe%22; }||||h3 { font-family: %22alumni-sans-pinstripe%22; }||||h4 { font-family: %22alumni-sans-pinstripe%22; }||||h5 { font-family: %22alumni-sans-pinstripe%22; }||||p { font-family: %22alumni-sans-pinstripe%22; }&#8221; button_text_color_hover=&#8221;#ffffff&#8221; button_bg_color_hover=&#8221;#c4beb9&#8243; locked=&#8221;off&#8221; global_colors_info=&#8221;{}&#8221; button_text_size__hover_enabled=&#8221;off&#8221; button_one_text_size__hover_enabled=&#8221;off&#8221; button_two_text_size__hover_enabled=&#8221;off&#8221; button_text_color__hover_enabled=&#8221;on&#8221; button_text_color__hover=&#8221;#ffffff&#8221; button_one_text_color__hover_enabled=&#8221;off&#8221; button_two_text_color__hover_enabled=&#8221;off&#8221; button_border_width__hover_enabled=&#8221;off&#8221; button_one_border_width__hover_enabled=&#8221;off&#8221; button_two_border_width__hover_enabled=&#8221;off&#8221; button_border_color__hover_enabled=&#8221;off&#8221; button_one_border_color__hover_enabled=&#8221;off&#8221; button_two_border_color__hover_enabled=&#8221;off&#8221; button_border_radius__hover_enabled=&#8221;off&#8221; button_one_border_radius__hover_enabled=&#8221;off&#8221; button_two_border_radius__hover_enabled=&#8221;off&#8221; button_letter_spacing__hover_enabled=&#8221;off&#8221; button_one_letter_spacing__hover_enabled=&#8221;off&#8221; button_two_letter_spacing__hover_enabled=&#8221;off&#8221; button_bg_color__hover_enabled=&#8221;on&#8221; button_bg_color__hover=&#8221;#c4beb9&#8243; button_one_bg_color__hover_enabled=&#8221;off&#8221; button_two_bg_color__hover_enabled=&#8221;off&#8221;]&nbsp;<br \/>\n[\/et_pb_button][et_pb_text _builder_version=&#8221;4.27.5&#8243; _module_preset=&#8221;default&#8221; text_font=&#8221;Trebuchet||||||||&#8221; global_colors_info=&#8221;{}&#8221;]<\/p>\n<p>Der aus dem Landkreis Dillingen stammende und in Wien lebende Gitarrist Dominikus Ringeisen hat sein Deb\u00fctalbum &#8220;atypical operating system&#8221; ver\u00f6ffentlicht.<\/p>\n<p>Es sind 10 Eigenkompositionen f\u00fcr die E-Gitarre sowie ein Akustikgitarrenduett zu h\u00f6ren. Der K\u00fcnstler verarbeitet darin verschiedenste soziokulturelle und gesellschaftskritische Themen und l\u00e4sst dabei den puren Sound seines Instrumentes sprechen.<\/p>\n<p>Produziert wurde in den Peppermint Team Studios von Florian Hirle in Aislingen. Ab sofort ist die CD exklusiv hier auf der Website www.dominikusringeisen.de erh\u00e4ltlich.<\/p>\n<p>Hier k\u00f6nnt Ihr in drei der elf Songs reinh\u00f6ren&#8230;<\/p>\n<p>[\/et_pb_text][\/et_pb_column][et_pb_column type=&#8221;1_2&#8243; _builder_version=&#8221;4.19.3&#8243; _module_preset=&#8221;default&#8221; global_colors_info=&#8221;{}&#8221;][et_pb_image src=&#8221;https:\/\/www.dominikusringeisen.de\/wp-content\/uploads\/2022\/12\/Atypical-CD-vorne-4.jpg&#8221; title_text=&#8221;Atypical-CD-vorne-4&#8243; align_tablet=&#8221;center&#8221; align_phone=&#8221;center&#8221; align_last_edited=&#8221;on|desktop&#8221; _builder_version=&#8221;4.19.4&#8243; background_enable_color=&#8221;off&#8221; min_height=&#8221;100px&#8221; custom_margin=&#8221;||||false|false&#8221; custom_padding=&#8221;||||false|false&#8221; animation_style=&#8221;slide&#8221; animation_direction=&#8221;bottom&#8221; animation_duration=&#8221;650ms&#8221; animation_delay=&#8221;700ms&#8221; animation_intensity_slide=&#8221;4%&#8221; animation_starting_opacity=&#8221;9%&#8221; box_shadow_style=&#8221;preset2&#8243; box_shadow_color=&#8221;rgba(143,128,114,0.27)&#8221; global_colors_info=&#8221;{}&#8221;]&nbsp;<br \/>\n[\/et_pb_image][\/et_pb_column][\/et_pb_row][et_pb_row disabled_on=&#8221;on|on|on&#8221; _builder_version=&#8221;4.27.6&#8243; _module_preset=&#8221;default&#8221; disabled=&#8221;on&#8221; global_colors_info=&#8221;{}&#8221;][et_pb_column type=&#8221;4_4&#8243; _builder_version=&#8221;4.27.6&#8243; _module_preset=&#8221;default&#8221; global_colors_info=&#8221;{}&#8221;][et_pb_shop type=&#8221;product_category&#8221; include_categories=&#8221;83,73,85,84&#8243; _builder_version=&#8221;4.27.6&#8243; _module_preset=&#8221;default&#8221; global_colors_info=&#8221;{}&#8221;][\/et_pb_shop][\/et_pb_column][\/et_pb_row][\/et_pb_section][et_pb_section fb_built=&#8221;1&#8243; disabled_on=&#8221;on|on|on&#8221; admin_label=&#8221;How it works&#8221; _builder_version=&#8221;4.27.6&#8243; custom_padding=&#8221;14px|0px|14px|0px|true|false&#8221; disabled=&#8221;on&#8221; locked=&#8221;off&#8221; global_colors_info=&#8221;{}&#8221;][et_pb_row _builder_version=&#8221;4.16&#8243; global_colors_info=&#8221;{}&#8221;][et_pb_column type=&#8221;4_4&#8243; _builder_version=&#8221;4.16&#8243; custom_padding=&#8221;|||&#8221; global_colors_info=&#8221;{}&#8221; custom_padding__hover=&#8221;|||&#8221;][et_pb_text _builder_version=&#8221;4.27.5&#8243; text_font=&#8221;||||||||&#8221; text_font_size=&#8221;45px&#8221; text_line_height=&#8221;1.8em&#8221; link_font=&#8221;||||||||&#8221; ul_font=&#8221;||||||||&#8221; header_font=&#8221;||||||||&#8221; header_2_font=&#8221;||||||||&#8221; header_3_font=&#8221;||||||||&#8221; header_3_text_color=&#8221;#E09900&#8243; header_3_font_size=&#8221;30px&#8221; header_3_line_height=&#8221;1.5em&#8221; header_4_font=&#8221;||||||||&#8221; header_5_font=&#8221;Poppins|700||on|||||&#8221; header_5_text_color=&#8221;#ecd5c5&#8243; header_5_letter_spacing=&#8221;15px&#8221; header_5_line_height=&#8221;1.8em&#8221; text_orientation=&#8221;center&#8221; max_width_tablet=&#8221;100%&#8221; max_width_phone=&#8221;100%&#8221; max_width_last_edited=&#8221;off|desktop&#8221; module_alignment=&#8221;right&#8221; global_colors_info=&#8221;{}&#8221;]<\/p>\n<p>Atypical Operating System<\/p>\n<h3>Snippets<\/h3>\n<p>[\/et_pb_text][\/et_pb_column][\/et_pb_row][et_pb_row column_structure=&#8221;1_3,1_3,1_3&#8243; _builder_version=&#8221;4.16&#8243; custom_padding=&#8221;60px|0px|60px|0px|true|false&#8221; global_colors_info=&#8221;{}&#8221;][et_pb_column type=&#8221;1_3&#8243; _builder_version=&#8221;4.16&#8243; custom_padding=&#8221;|||&#8221; global_colors_info=&#8221;{}&#8221; custom_padding__hover=&#8221;|||&#8221;][et_pb_audio audio=&#8221;https:\/\/www.dominikusringeisen.de\/wp-content\/uploads\/2022\/12\/Dominikus-Ringeisen-09-don\u00b4t-name-that-song_Snippet.mp3&#8243; title=&#8221;don\u00b4t name that song_Snippet&#8221; artist_name=&#8221;Dominikus Ringeisen&#8221; album_name=&#8221;ATYPICAL OPERATING SYSTEM&#8221; image_url=&#8221;https:\/\/www.dominikusringeisen.de\/wp-content\/uploads\/2022\/12\/Atypical-CD-vorne-4.jpg&#8221; _builder_version=&#8221;4.27.5&#8243; _module_preset=&#8221;default&#8221; title_font_size=&#8221;24px&#8221; caption_font_size=&#8221;22px&#8221; background_color=&#8221;#E09900&#8243; global_colors_info=&#8221;{}&#8221;][\/et_pb_audio][\/et_pb_column][et_pb_column type=&#8221;1_3&#8243; _builder_version=&#8221;4.16&#8243; custom_padding=&#8221;|||&#8221; global_colors_info=&#8221;{}&#8221; custom_padding__hover=&#8221;|||&#8221;][et_pb_audio audio=&#8221;https:\/\/www.dominikusringeisen.de\/wp-content\/uploads\/2022\/12\/Dominikus-Ringeisen-06-Evergreening_Snippet.mp3&#8243; title=&#8221;Evergreening_Snippet&#8221; artist_name=&#8221;Dominikus Ringeisen&#8221; album_name=&#8221;ATYPICAL OPERATING SYSTEM&#8221; image_url=&#8221;https:\/\/www.dominikusringeisen.de\/wp-content\/uploads\/2022\/12\/Atypical-CD-vorne-4.jpg&#8221; _builder_version=&#8221;4.27.5&#8243; _module_preset=&#8221;default&#8221; title_font_size=&#8221;24px&#8221; caption_font_size=&#8221;22px&#8221; background_color=&#8221;#E09900&#8243; global_colors_info=&#8221;{}&#8221;][\/et_pb_audio][\/et_pb_column][et_pb_column type=&#8221;1_3&#8243; _builder_version=&#8221;4.16&#8243; custom_padding=&#8221;|||&#8221; global_colors_info=&#8221;{}&#8221; custom_padding__hover=&#8221;|||&#8221;][et_pb_audio audio=&#8221;https:\/\/www.dominikusringeisen.de\/wp-content\/uploads\/2022\/12\/Dominikus-Ringeisen-02-Second-Hit_Snippet.mp3&#8243; title=&#8221;Second Hit_Snippet&#8221; artist_name=&#8221;Dominikus Ringeisen&#8221; album_name=&#8221;ATYPICAL OPERATING SYSTEM&#8221; image_url=&#8221;https:\/\/www.dominikusringeisen.de\/wp-content\/uploads\/2022\/12\/Atypical-CD-vorne-4.jpg&#8221; _builder_version=&#8221;4.27.5&#8243; _module_preset=&#8221;default&#8221; title_font_size=&#8221;24px&#8221; caption_font_size=&#8221;22px&#8221; background_color=&#8221;#E09900&#8243; global_colors_info=&#8221;{}&#8221;][\/et_pb_audio][\/et_pb_column][\/et_pb_row][et_pb_row _builder_version=&#8221;4.16&#8243; locked=&#8221;off&#8221; global_colors_info=&#8221;{}&#8221;][et_pb_column type=&#8221;4_4&#8243; _builder_version=&#8221;4.16&#8243; custom_padding=&#8221;|||&#8221; global_colors_info=&#8221;{}&#8221; custom_padding__hover=&#8221;|||&#8221;][et_pb_button button_url=&#8221;@ET-DC@eyJkeW5hbWljIjp0cnVlLCJjb250ZW50IjoicG9zdF9saW5rX3VybF9wYWdlIiwic2V0dGluZ3MiOnsicG9zdF9pZCI6IjMxMCJ9fQ==@&#8221; button_text=&#8221;Jetzt Einkaufen!&#8221; button_alignment=&#8221;center&#8221; _builder_version=&#8221;4.27.5&#8243; _dynamic_attributes=&#8221;button_url&#8221; custom_button=&#8221;on&#8221; button_text_size=&#8221;14px&#8221; button_text_color=&#8221;#595353&#8243; button_border_width=&#8221;3px&#8221; button_border_color=&#8221;#c4beb9&#8243; button_border_radius=&#8221;0px&#8221; button_letter_spacing=&#8221;4px&#8221; button_font=&#8221;Poppins|500||on|||||&#8221; custom_margin=&#8221;|||&#8221; custom_padding=&#8221;18px||18px|&#8221; custom_css_free_form=&#8221;h1 { font-family: %22alumni-sans-pinstripe%22; }||||h2 { font-family: %22alumni-sans-pinstripe%22; }||||h3 { font-family: %22alumni-sans-pinstripe%22; }||||h4 { font-family: %22alumni-sans-pinstripe%22; }||||h5 { font-family: %22alumni-sans-pinstripe%22; }||||p { font-family: %22alumni-sans-pinstripe%22; }&#8221; button_text_color_hover=&#8221;#ffffff&#8221; button_bg_color_hover=&#8221;#c4beb9&#8243; locked=&#8221;off&#8221; global_colors_info=&#8221;{}&#8221; button_text_size__hover_enabled=&#8221;off&#8221; button_one_text_size__hover_enabled=&#8221;off&#8221; button_two_text_size__hover_enabled=&#8221;off&#8221; button_text_color__hover_enabled=&#8221;on&#8221; button_text_color__hover=&#8221;#ffffff&#8221; button_one_text_color__hover_enabled=&#8221;off&#8221; button_two_text_color__hover_enabled=&#8221;off&#8221; button_border_width__hover_enabled=&#8221;off&#8221; button_one_border_width__hover_enabled=&#8221;off&#8221; button_two_border_width__hover_enabled=&#8221;off&#8221; button_border_color__hover_enabled=&#8221;off&#8221; button_one_border_color__hover_enabled=&#8221;off&#8221; button_two_border_color__hover_enabled=&#8221;off&#8221; button_border_radius__hover_enabled=&#8221;off&#8221; button_one_border_radius__hover_enabled=&#8221;off&#8221; button_two_border_radius__hover_enabled=&#8221;off&#8221; button_letter_spacing__hover_enabled=&#8221;off&#8221; button_one_letter_spacing__hover_enabled=&#8221;off&#8221; button_two_letter_spacing__hover_enabled=&#8221;off&#8221; button_bg_color__hover_enabled=&#8221;on&#8221; button_bg_color__hover=&#8221;#c4beb9&#8243; button_one_bg_color__hover_enabled=&#8221;off&#8221; button_two_bg_color__hover_enabled=&#8221;off&#8221;]&nbsp;<br \/>\n[\/et_pb_button][\/et_pb_column][\/et_pb_row][\/et_pb_section]<\/p>\n","protected":false},"excerpt":{"rendered":"<p>In K\u00fcrze finden Sie hier weiter Produkte wie Noten und meine neue Vinyl-Platte. Schauen Sie bald wieder vorbei.Here you can buy the Vinyl LP &#8220;Between Thoughts&#8221;Here you can buy the CD &#8220;Atypical Operating System&#8221;Here you can buy different sheets of music as pdf.Dominikus Ringeisen CD &#8220;Atypical Operating System&#8221;&nbsp; Der aus dem Landkreis Dillingen stammende und [&hellip;]<\/p>\n","protected":false},"author":1,"featured_media":0,"parent":0,"menu_order":0,"comment_status":"closed","ping_status":"closed","template":"","meta":{"_et_pb_use_builder":"on","_et_pb_old_content":"<!-- wp:paragraph -->\r\n<p>This is an example page. It's different from a blog post because it will stay in one place and will show up in your site navigation (in most themes). Most people start with an About page that introduces them to potential site visitors. It might say something like this:<\/p>\r\n<!-- \/wp:paragraph --><!-- wp:quote -->\r\n<blockquote class=\"wp-block-quote\">\r\n<p>Hi there! I'm a bike messenger by day, aspiring actor by night, and this is my website. I live in Los Angeles, have a great dog named Jack, and I like pi\u00f1a coladas. (And gettin' caught in the rain.)<\/p>\r\n<\/blockquote>\r\n<!-- \/wp:quote --><!-- wp:paragraph -->\r\n<p>...or something like this:<\/p>\r\n<!-- \/wp:paragraph --><!-- wp:quote -->\r\n<blockquote class=\"wp-block-quote\">\r\n<p>The XYZ Doohickey Company was founded in 1971, and has been providing quality doohickeys to the public ever since. Located in Gotham City, XYZ employs over 2,000 people and does all kinds of awesome things for the Gotham community.<\/p>\r\n<\/blockquote>\r\n<!-- \/wp:quote --><!-- wp:paragraph -->\r\n<p>As a new WordPress user, you should go to <a href=\"https:\/\/www.dominikusringeisen.de\/wp-admin\/\">your dashboard<\/a> to delete this page and create new pages for your content. Have fun!<\/p>\r\n<!-- \/wp:paragraph -->","_et_gb_content_width":"","footnotes":""},"class_list":["post-2","page","type-page","status-publish","hentry"],"_links":{"self":[{"href":"https:\/\/www.dominikusringeisen.de\/index.php\/wp-json\/wp\/v2\/pages\/2","targetHints":{"allow":["GET"]}}],"collection":[{"href":"https:\/\/www.dominikusringeisen.de\/index.php\/wp-json\/wp\/v2\/pages"}],"about":[{"href":"https:\/\/www.dominikusringeisen.de\/index.php\/wp-json\/wp\/v2\/types\/page"}],"author":[{"embeddable":true,"href":"https:\/\/www.dominikusringeisen.de\/index.php\/wp-json\/wp\/v2\/users\/1"}],"replies":[{"embeddable":true,"href":"https:\/\/www.dominikusringeisen.de\/index.php\/wp-json\/wp\/v2\/comments?post=2"}],"version-history":[{"count":78,"href":"https:\/\/www.dominikusringeisen.de\/index.php\/wp-json\/wp\/v2\/pages\/2\/revisions"}],"predecessor-version":[{"id":732,"href":"https:\/\/www.dominikusringeisen.de\/index.php\/wp-json\/wp\/v2\/pages\/2\/revisions\/732"}],"wp:attachment":[{"href":"https:\/\/www.dominikusringeisen.de\/index.php\/wp-json\/wp\/v2\/media?parent=2"}],"curies":[{"name":"wp","href":"https:\/\/api.w.org\/{rel}","templated":true}]}}