{"id":657,"date":"2026-01-17T11:29:03","date_gmt":"2026-01-17T11:29:03","guid":{"rendered":"https:\/\/dominikusringeisen-neushop-nov2025.webdesign-schwaben.de\/?post_type=product&#038;p=657"},"modified":"2026-04-02T10:03:45","modified_gmt":"2026-04-02T10:03:45","slug":"all-in-one-bundle","status":"publish","type":"product","link":"https:\/\/www.dominikusringeisen.de\/index.php\/produkt\/all-in-one-bundle\/","title":{"rendered":"All in one Bundle"},"content":{"rendered":"<p>[et_pb_section fb_built=&#8220;1&#8243; _builder_version=&#8220;4.16&#8243; custom_padding=&#8220;0px||||false|false&#8220; global_colors_info=&#8220;{}&#8220;][et_pb_row _builder_version=&#8220;4.16&#8243; background_size=&#8220;initial&#8220; background_position=&#8220;top_left&#8220; background_repeat=&#8220;repeat&#8220; width=&#8220;100%&#8220; custom_padding=&#8220;0px||0px||false|false&#8220; global_colors_info=&#8220;{}&#8220;][et_pb_column type=&#8220;4_4&#8243; _builder_version=&#8220;4.16&#8243; custom_padding=&#8220;|||&#8220; global_colors_info=&#8220;{}&#8220; custom_padding__hover=&#8220;|||&#8220;][et_pb_wc_breadcrumb _builder_version=&#8220;4.27.5&#8243; body_font=&#8220;||||||||&#8220; custom_css_free_form=&#8220;h1 { font-family: %22alumni-sans-pinstripe%22; }||||h2 { font-family: %22alumni-sans-pinstripe%22; }||||h3 { font-family: %22alumni-sans-pinstripe%22; }||||h4 { font-family: %22alumni-sans-pinstripe%22; }||||h5 { font-family: %22alumni-sans-pinstripe%22; }||||p { font-family: %22alumni-sans-pinstripe%22; }&#8220; global_colors_info=&#8220;{}&#8220;][\/et_pb_wc_breadcrumb][et_pb_wc_cart_notice _builder_version=&#8220;4.16&#8243; global_colors_info=&#8220;{}&#8220;][\/et_pb_wc_cart_notice][\/et_pb_column][\/et_pb_row][et_pb_row column_structure=&#8220;1_2,1_2&#8243; _builder_version=&#8220;4.16&#8243; background_size=&#8220;initial&#8220; background_position=&#8220;top_left&#8220; background_repeat=&#8220;repeat&#8220; width=&#8220;100%&#8220; custom_padding=&#8220;0px||||false|false&#8220; global_colors_info=&#8220;{}&#8220;][et_pb_column type=&#8220;1_2&#8243; _builder_version=&#8220;4.16&#8243; custom_padding=&#8220;|||&#8220; global_colors_info=&#8220;{}&#8220; custom_padding__hover=&#8220;|||&#8220;][et_pb_wc_images _builder_version=&#8220;4.16&#8243; global_colors_info=&#8220;{}&#8220;][\/et_pb_wc_images][\/et_pb_column][et_pb_column type=&#8220;1_2&#8243; _builder_version=&#8220;4.16&#8243; custom_padding=&#8220;|||&#8220; global_colors_info=&#8220;{}&#8220; custom_padding__hover=&#8220;|||&#8220;][et_pb_wc_title _builder_version=&#8220;4.16&#8243; global_colors_info=&#8220;{}&#8220;][\/et_pb_wc_title][et_pb_wc_rating _builder_version=&#8220;4.16&#8243; global_colors_info=&#8220;{}&#8220;][\/et_pb_wc_rating][et_pb_wc_price _builder_version=&#8220;4.16&#8243; global_colors_info=&#8220;{}&#8220;][\/et_pb_wc_price][et_pb_wc_description _builder_version=&#8220;4.16&#8243; global_colors_info=&#8220;{}&#8220;][\/et_pb_wc_description][et_pb_wc_add_to_cart _builder_version=&#8220;4.16&#8243; global_colors_info=&#8220;{}&#8220;][\/et_pb_wc_add_to_cart][et_pb_wc_meta _builder_version=&#8220;4.16&#8243; global_colors_info=&#8220;{}&#8220;][\/et_pb_wc_meta][\/et_pb_column][\/et_pb_row][et_pb_row _builder_version=&#8220;4.16&#8243; background_size=&#8220;initial&#8220; background_position=&#8220;top_left&#8220; background_repeat=&#8220;repeat&#8220; width=&#8220;100%&#8220; global_colors_info=&#8220;{}&#8220;][et_pb_column type=&#8220;4_4&#8243; _builder_version=&#8220;4.16&#8243; custom_padding=&#8220;|||&#8220; global_colors_info=&#8220;{}&#8220; custom_padding__hover=&#8220;|||&#8220;][et_pb_wc_tabs _builder_version=&#8220;4.27.5&#8243; tab_font=&#8220;||||||||&#8220; custom_css_free_form=&#8220;p { font-family: %22alumni-sans-pinstripe%22; }||h1 { font-family: %22alumni-sans-pinstripe%22; }||h2 { font-family: %22alumni-sans-pinstripe%22; }||h3 { font-family: %22alumni-sans-pinstripe%22; }||h4 { font-family: %22alumni-sans-pinstripe%22; }||h5 { font-family: %22alumni-sans-pinstripe%22; }||&#8220; global_colors_info=&#8220;{}&#8220;]\t\t\t\t\t[\/et_pb_wc_tabs][et_pb_wc_upsells _builder_version=&#8220;4.16&#8243; global_colors_info=&#8220;{}&#8220;][\/et_pb_wc_upsells][et_pb_wc_related_products _builder_version=&#8220;4.16&#8243; global_colors_info=&#8220;{}&#8220;][\/et_pb_wc_related_products][\/et_pb_column][\/et_pb_row][\/et_pb_section]<\/p>\n","protected":false},"excerpt":{"rendered":"<p><strong>All in one Bundle, includes: <\/strong><br \/>\nBetween Thoughts (vinyl edition album, including digital download)<br \/>\nAtypical Operating System (cd version, including digital download and art print of the cover art<br \/>\nsheet music (pdf) (Aos+3)<\/p>\n<p>price 70 \u20ac<\/p>\n<p>Beim Kauf des Downloads kaufen Sie das gesamte &#8222;All in one Bundle&#8220; und erhalten nach Bezahlung alle zugeh\u00f6rigen Inhalte zugeschickt oder k\u00f6nnen Sie bei Abholung direkt beim K\u00fcnstler abholen.<\/p>\n<p>Bei Versand zuz\u00fcglich Versandkosten von 5,90 \u20ac<\/p>\n","protected":false},"featured_media":688,"template":"","meta":{"_et_pb_use_builder":"on","_et_pb_old_content":"[gallery ids=\"687,555,553,491,685\"]","_et_gb_content_width":""},"product_brand":[],"product_cat":[83,73,85,72,84],"product_tag":[],"class_list":{"0":"post-657","1":"product","2":"type-product","3":"status-publish","4":"has-post-thumbnail","6":"product_cat-all-in-one-bundle","7":"product_cat-cd","8":"product_cat-sheet-music","9":"product_cat-support-your-artist","10":"product_cat-vinyl-album","12":"first","13":"outofstock","14":"downloadable","15":"purchasable","16":"product-type-simple"},"_links":{"self":[{"href":"https:\/\/www.dominikusringeisen.de\/index.php\/wp-json\/wp\/v2\/product\/657","targetHints":{"allow":["GET"]}}],"collection":[{"href":"https:\/\/www.dominikusringeisen.de\/index.php\/wp-json\/wp\/v2\/product"}],"about":[{"href":"https:\/\/www.dominikusringeisen.de\/index.php\/wp-json\/wp\/v2\/types\/product"}],"wp:featuredmedia":[{"embeddable":true,"href":"https:\/\/www.dominikusringeisen.de\/index.php\/wp-json\/wp\/v2\/media\/688"}],"wp:attachment":[{"href":"https:\/\/www.dominikusringeisen.de\/index.php\/wp-json\/wp\/v2\/media?parent=657"}],"wp:term":[{"taxonomy":"product_brand","embeddable":true,"href":"https:\/\/www.dominikusringeisen.de\/index.php\/wp-json\/wp\/v2\/product_brand?post=657"},{"taxonomy":"product_cat","embeddable":true,"href":"https:\/\/www.dominikusringeisen.de\/index.php\/wp-json\/wp\/v2\/product_cat?post=657"},{"taxonomy":"product_tag","embeddable":true,"href":"https:\/\/www.dominikusringeisen.de\/index.php\/wp-json\/wp\/v2\/product_tag?post=657"}],"curies":[{"name":"wp","href":"https:\/\/api.w.org\/{rel}","templated":true}]}}